{"id":208,"date":"2025-04-08T12:38:18","date_gmt":"2025-04-08T10:38:18","guid":{"rendered":"https:\/\/www.habw.de\/?page_id=208"},"modified":"2025-07-07T15:35:02","modified_gmt":"2025-07-07T13:35:02","slug":"kontakt","status":"publish","type":"page","link":"https:\/\/www.habw.de\/cs\/kontakt\/","title":{"rendered":"Kontaktujte n\u00e1s"},"content":{"rendered":"\t\t<div data-elementor-type=\"wp-page\" data-elementor-id=\"208\" class=\"elementor elementor-208\" data-elementor-post-type=\"page\">\n\t\t\t\t<div class=\"elementor-element elementor-element-8adce51 e-flex e-con-boxed e-con e-parent\" data-id=\"8adce51\" data-element_type=\"container\" data-e-type=\"container\">\n\t\t\t\t\t<div class=\"e-con-inner\">\n\t\t<div class=\"elementor-element elementor-element-be914a5 e-con-full e-flex e-con e-child\" data-id=\"be914a5\" data-element_type=\"container\" data-e-type=\"container\" data-settings=\"{&quot;background_background&quot;:&quot;classic&quot;}\">\n\t\t\t\t<div class=\"elementor-element elementor-element-63502ef elementor-widget elementor-widget-heading\" data-id=\"63502ef\" data-element_type=\"widget\" data-e-type=\"widget\" data-widget_type=\"heading.default\">\n\t\t\t\t\t<h1 class=\"elementor-heading-title elementor-size-default\">Kontakt<\/h1>\t\t\t\t<\/div>\n\t\t\t\t<div class=\"elementor-element elementor-element-3be3021 elementor-widget elementor-widget-heading\" data-id=\"3be3021\" data-element_type=\"widget\" data-e-type=\"widget\" data-widget_type=\"heading.default\">\n\t\t\t\t\t<h2 class=\"elementor-heading-title elementor-size-default\">So erreichen Sie uns<\/h2>\t\t\t\t<\/div>\n\t\t\t\t<\/div>\n\t\t\t\t\t<\/div>\n\t\t\t\t<\/div>\n\t\t<div class=\"elementor-element elementor-element-1de7d87 e-flex e-con-boxed e-con e-parent\" data-id=\"1de7d87\" data-element_type=\"container\" data-e-type=\"container\">\n\t\t\t\t\t<div class=\"e-con-inner\">\n\t\t<div class=\"elementor-element elementor-element-cefcb9f e-con-full e-flex e-con e-child\" data-id=\"cefcb9f\" data-element_type=\"container\" data-e-type=\"container\">\n\t\t\t\t<div class=\"elementor-element elementor-element-a584927 elementor-widget elementor-widget-text-editor\" data-id=\"a584927\" data-element_type=\"widget\" data-e-type=\"widget\" data-widget_type=\"text-editor.default\">\n\t\t\t\t\t\t\t\t\t<p><strong>Hotel Am Blauen Wunder<\/strong><br \/><strong>Loschwitzer Str. 48<\/strong><br \/><strong>01309 Dresden<\/strong><\/p>\t\t\t\t\t\t\t\t<\/div>\n\t\t\t\t<\/div>\n\t\t<div class=\"elementor-element elementor-element-44a78f1 e-con-full e-flex e-con e-child\" data-id=\"44a78f1\" data-element_type=\"container\" data-e-type=\"container\">\n\t\t\t\t<div class=\"elementor-element elementor-element-0026746 elementor-widget elementor-widget-text-editor\" data-id=\"0026746\" data-element_type=\"widget\" data-e-type=\"widget\" data-widget_type=\"text-editor.default\">\n\t\t\t\t\t\t\t\t\t<p><strong>Tel.: +49 (0)351 \/ 3366-0<\/strong><br \/><strong>Fax: +49 (0)351 \/ 3366-288<\/strong><br \/><strong>info@habw.de<\/strong><\/p>\t\t\t\t\t\t\t\t<\/div>\n\t\t\t\t<\/div>\n\t\t<div class=\"elementor-element elementor-element-f0b864e e-con-full e-flex e-con e-child\" data-id=\"f0b864e\" data-element_type=\"container\" data-e-type=\"container\">\n\t\t\t\t<div class=\"elementor-element elementor-element-c6b6a0a elementor-widget elementor-widget-text-editor\" data-id=\"c6b6a0a\" data-element_type=\"widget\" data-e-type=\"widget\" data-widget_type=\"text-editor.default\">\n\t\t\t\t\t\t\t\t\t<p><strong>Rezeption:<\/strong><br \/>Mo. &#8211; Fr. 8:00 &#8211; 16:00 Uhr<br \/>Sa. 8:00 &#8211; 16:00 Uhr<br \/>So. 8:00 &#8211; 16:00 Uhr<\/p>\t\t\t\t\t\t\t\t<\/div>\n\t\t\t\t<\/div>\n\t\t<div class=\"elementor-element elementor-element-ff00b73 e-con-full e-flex e-con e-child\" data-id=\"ff00b73\" data-element_type=\"container\" data-e-type=\"container\">\n\t\t\t\t<div class=\"elementor-element elementor-element-9995170 elementor-widget elementor-widget-text-editor\" data-id=\"9995170\" data-element_type=\"widget\" data-e-type=\"widget\" data-widget_type=\"text-editor.default\">\n\t\t\t\t\t\t\t\t\t<p><strong>Check-In \/ Check-Out:<br \/><\/strong>Check-In: <br \/>13:00 \u2013 16.00 Uhr<br \/>Check-Out: <br \/>Mo. \u2013 Fr. 08:00 \u2013 10:00 Uhr <br \/>Sa. &amp; So. 08:00 \u2013 11:00 Uhr<\/p>\t\t\t\t\t\t\t\t<\/div>\n\t\t\t\t<\/div>\n\t\t\t\t\t<\/div>\n\t\t\t\t<\/div>\n\t\t<div class=\"elementor-element elementor-element-9986d1f e-flex e-con-boxed e-con e-parent\" data-id=\"9986d1f\" data-element_type=\"container\" data-e-type=\"container\">\n\t\t\t\t\t<div class=\"e-con-inner\">\n\t\t\t\t<div class=\"elementor-element elementor-element-3d06dab elementor-widget elementor-widget-heading\" data-id=\"3d06dab\" data-element_type=\"widget\" data-e-type=\"widget\" data-widget_type=\"heading.default\">\n\t\t\t\t\t<h2 class=\"elementor-heading-title elementor-size-default\">Kontaktformular<\/h2>\t\t\t\t<\/div>\n\t\t\t\t\t<\/div>\n\t\t\t\t<\/div>\n\t\t<div class=\"elementor-element elementor-element-6dd3ef3 e-flex e-con-boxed e-con e-parent\" data-id=\"6dd3ef3\" data-element_type=\"container\" data-e-type=\"container\">\n\t\t\t\t\t<div class=\"e-con-inner\">\n\t\t<div class=\"elementor-element elementor-element-124bd33 e-con-full e-flex e-con e-child\" data-id=\"124bd33\" data-element_type=\"container\" data-e-type=\"container\">\n\t\t\t\t<div class=\"elementor-element elementor-element-44e8223 elementor-button-align-start elementor-widget elementor-widget-form\" data-id=\"44e8223\" data-element_type=\"widget\" data-e-type=\"widget\" data-settings=\"{&quot;step_next_label&quot;:&quot;Next&quot;,&quot;step_previous_label&quot;:&quot;Previous&quot;,&quot;button_width&quot;:&quot;100&quot;,&quot;step_type&quot;:&quot;number_text&quot;,&quot;step_icon_shape&quot;:&quot;circle&quot;}\" data-widget_type=\"form.default\">\n\t\t\t\t\t\t\t<form class=\"elementor-form\" method=\"post\" name=\"New Form\" aria-label=\"New Form\" novalidate=\"\">\n\t\t\t<input type=\"hidden\" name=\"post_id\" value=\"208\"\/>\n\t\t\t<input type=\"hidden\" name=\"form_id\" value=\"44e8223\"\/>\n\t\t\t<input type=\"hidden\" name=\"referer_title\" value=\"Kontakt &amp; Anreise \u2013 Hotel Am Blauen Wunder Dresden\" \/>\n\n\t\t\t\t\t\t\t<input type=\"hidden\" name=\"queried_id\" value=\"208\"\/>\n\t\t\t\n\t\t\t<div class=\"elementor-form-fields-wrapper elementor-labels-\">\n\t\t\t\t\t\t\t\t<div class=\"elementor-field-type-text elementor-field-group elementor-column elementor-field-group-name elementor-col-50 elementor-field-required\">\n\t\t\t\t\t\t\t\t\t\t\t\t<label for=\"form-field-name\" class=\"elementor-field-label elementor-screen-only\">\n\t\t\t\t\t\t\t\tName\t\t\t\t\t\t\t<\/label>\n\t\t\t\t\t\t\t\t\t\t\t\t\t\t<input size=\"1\" type=\"text\" name=\"form_fields[name]\" id=\"form-field-name\" class=\"elementor-field elementor-size-sm  elementor-field-textual\" placeholder=\"Name, Vorname*\" required=\"required\">\n\t\t\t\t\t\t\t\t\t\t\t<\/div>\n\t\t\t\t\t\t\t\t<div class=\"elementor-field-type-email elementor-field-group elementor-column elementor-field-group-email elementor-col-50 elementor-field-required\">\n\t\t\t\t\t\t\t\t\t\t\t\t<label for=\"form-field-email\" class=\"elementor-field-label elementor-screen-only\">\n\t\t\t\t\t\t\t\tEmail\t\t\t\t\t\t\t<\/label>\n\t\t\t\t\t\t\t\t\t\t\t\t\t\t<input size=\"1\" type=\"email\" name=\"form_fields[email]\" id=\"form-field-email\" class=\"elementor-field elementor-size-sm  elementor-field-textual\" placeholder=\"E-Mail-Adresse*\" required=\"required\">\n\t\t\t\t\t\t\t\t\t\t\t<\/div>\n\t\t\t\t\t\t\t\t<div class=\"elementor-field-type-text elementor-field-group elementor-column elementor-field-group-field_410f119 elementor-col-50\">\n\t\t\t\t\t\t\t\t\t\t\t\t<label for=\"form-field-field_410f119\" class=\"elementor-field-label elementor-screen-only\">\n\t\t\t\t\t\t\t\ttelefon\t\t\t\t\t\t\t<\/label>\n\t\t\t\t\t\t\t\t\t\t\t\t\t\t<input size=\"1\" type=\"text\" name=\"form_fields[field_410f119]\" id=\"form-field-field_410f119\" class=\"elementor-field elementor-size-sm  elementor-field-textual\" placeholder=\"Telefon (Optional)\">\n\t\t\t\t\t\t\t\t\t\t\t<\/div>\n\t\t\t\t\t\t\t\t<div class=\"elementor-field-type-text elementor-field-group elementor-column elementor-field-group-field_f5c2d88 elementor-col-50 elementor-field-required\">\n\t\t\t\t\t\t\t\t\t\t\t\t<label for=\"form-field-field_f5c2d88\" class=\"elementor-field-label elementor-screen-only\">\n\t\t\t\t\t\t\t\tbetreff\t\t\t\t\t\t\t<\/label>\n\t\t\t\t\t\t\t\t\t\t\t\t\t\t<input size=\"1\" type=\"text\" name=\"form_fields[field_f5c2d88]\" id=\"form-field-field_f5c2d88\" class=\"elementor-field elementor-size-sm  elementor-field-textual\" placeholder=\"Betreff*\" required=\"required\">\n\t\t\t\t\t\t\t\t\t\t\t<\/div>\n\t\t\t\t\t\t\t\t<div class=\"elementor-field-type-textarea elementor-field-group elementor-column elementor-field-group-message elementor-col-100 elementor-field-required\">\n\t\t\t\t\t\t\t\t\t\t\t\t<label for=\"form-field-message\" class=\"elementor-field-label elementor-screen-only\">\n\t\t\t\t\t\t\t\tMessage\t\t\t\t\t\t\t<\/label>\n\t\t\t\t\t\t<textarea class=\"elementor-field-textual elementor-field  elementor-size-sm\" name=\"form_fields[message]\" id=\"form-field-message\" rows=\"4\" placeholder=\"Ihre Nachricht an uns*\" required=\"required\"><\/textarea>\t\t\t\t<\/div>\n\t\t\t\t\t\t\t\t<div class=\"elementor-field-type-radio elementor-field-group elementor-column elementor-field-group-field_66cde6b elementor-col-100 elementor-field-required\">\n\t\t\t\t\t\t\t\t\t\t\t\t<label for=\"form-field-field_66cde6b\" class=\"elementor-field-label elementor-screen-only\">\n\t\t\t\t\t\t\t\tdsgvo\t\t\t\t\t\t\t<\/label>\n\t\t\t\t\t\t<div class=\"elementor-field-subgroup  \"><span class=\"elementor-field-option\"><input type=\"radio\" value=\"Ich habe die &lt;a href=&quot;https:\/\/www.habw.de\/datenschutzerklaerung\/&quot; style=&quot;color: #000; text-decoration: underline;&quot;&gt;Datenschutzerkl\u00e4rung&lt;\/a&gt; zur Kenntnis genommen und stimme der Verarbeitung meiner Daten zur Bearbeitung meiner Anfrage zu.\" id=\"form-field-field_66cde6b-0\" name=\"form_fields[field_66cde6b]\" required=\"required\"> <label for=\"form-field-field_66cde6b-0\">Ich habe die <a href=\"https:\/\/www.habw.de\/datenschutzerklaerung\/\" style=\"color: #000; text-decoration: underline;\">Datenschutzerkl\u00e4rung<\/a> zur Kenntnis genommen und stimme der Verarbeitung meiner Daten zur Bearbeitung meiner Anfrage zu.<\/label><\/span><\/div>\t\t\t\t<\/div>\n\t\t\t\t\t\t\t\t<div class=\"elementor-field-group elementor-column elementor-field-type-submit elementor-col-100 e-form__buttons\">\n\t\t\t\t\t<button class=\"elementor-button elementor-size-sm\" type=\"submit\">\n\t\t\t\t\t\t<span class=\"elementor-button-content-wrapper\">\n\t\t\t\t\t\t\t\t\t\t\t\t\t\t\t\t\t\t\t\t\t\t<span class=\"elementor-button-text\">Absenden<\/span>\n\t\t\t\t\t\t\t\t\t\t\t\t\t<\/span>\n\t\t\t\t\t<\/button>\n\t\t\t\t<\/div>\n\t\t\t<\/div>\n\t\t<\/form>\n\t\t\t\t\t\t<\/div>\n\t\t\t\t<\/div>\n\t\t<div class=\"elementor-element elementor-element-722c20d e-con-full e-flex e-con e-child\" data-id=\"722c20d\" data-element_type=\"container\" data-e-type=\"container\">\n\t\t\t\t<div class=\"elementor-element elementor-element-aecf965 elementor-widget elementor-widget-text-editor\" data-id=\"aecf965\" data-element_type=\"widget\" data-e-type=\"widget\" data-widget_type=\"text-editor.default\">\n\t\t\t\t\t\t\t\t\t<p>* sind Pflichtfelder<\/p>\t\t\t\t\t\t\t\t<\/div>\n\t\t\t\t<\/div>\n\t\t\t\t\t<\/div>\n\t\t\t\t<\/div>\n\t\t<div class=\"elementor-element elementor-element-0ae657e e-flex e-con-boxed e-con e-parent\" data-id=\"0ae657e\" data-element_type=\"container\" data-e-type=\"container\">\n\t\t\t\t\t<div class=\"e-con-inner\">\n\t\t\t\t<div class=\"elementor-element elementor-element-4c836a3 elementor-widget elementor-widget-heading\" data-id=\"4c836a3\" data-element_type=\"widget\" data-e-type=\"widget\" data-widget_type=\"heading.default\">\n\t\t\t\t\t<h2 class=\"elementor-heading-title elementor-size-default\">Standort<\/h2>\t\t\t\t<\/div>\n\t\t\t\t\t<\/div>\n\t\t\t\t<\/div>\n\t\t<div class=\"elementor-element elementor-element-4111535 e-con-full e-flex e-con e-parent\" data-id=\"4111535\" data-element_type=\"container\" data-e-type=\"container\">\n\t\t\t\t<div class=\"elementor-element elementor-element-1c7f26e elementor-widget elementor-widget-google_maps\" data-id=\"1c7f26e\" data-element_type=\"widget\" data-e-type=\"widget\" data-widget_type=\"google_maps.default\">\n\t\t\t\t\t\t\t<div class=\"elementor-custom-embed\">\n\t\t\t<iframe loading=\"lazy\"\n\t\t\t\t\tsrc=\"https:\/\/maps.google.com\/maps?q=Loschwitzer%20Strasse%2048%2C%20Dresden&#038;t=m&#038;z=14&#038;output=embed&#038;iwloc=near\"\n\t\t\t\t\ttitle=\"Loschwitzer Strasse 48, Dresden\"\n\t\t\t\t\taria-label=\"Loschwitzer Strasse 48, Dresden\"\n\t\t\t><\/iframe>\n\t\t<\/div>\n\t\t\t\t\t\t<\/div>\n\t\t\t\t<\/div>\n\t\t<div class=\"elementor-element elementor-element-ff95eb7 e-flex e-con-boxed e-con e-parent\" data-id=\"ff95eb7\" data-element_type=\"container\" data-e-type=\"container\">\n\t\t\t\t\t<div class=\"e-con-inner\">\n\t\t\t\t<div class=\"elementor-element elementor-element-78514ff elementor-widget elementor-widget-heading\" data-id=\"78514ff\" data-element_type=\"widget\" data-e-type=\"widget\" data-widget_type=\"heading.default\">\n\t\t\t\t\t<h2 class=\"elementor-heading-title elementor-size-default\">Bus \/ Bahn \/ Taxi<\/h2>\t\t\t\t<\/div>\n\t\t\t\t\t<\/div>\n\t\t\t\t<\/div>\n\t\t<div class=\"elementor-element elementor-element-dcbdfa4 e-flex e-con-boxed e-con e-parent\" data-id=\"dcbdfa4\" data-element_type=\"container\" data-e-type=\"container\" data-settings=\"{&quot;background_background&quot;:&quot;gradient&quot;}\">\n\t\t\t\t\t<div class=\"e-con-inner\">\n\t\t<div class=\"elementor-element elementor-element-94aab02 e-con-full e-flex e-con e-child\" data-id=\"94aab02\" data-element_type=\"container\" data-e-type=\"container\">\n\t\t\t\t<div class=\"elementor-element elementor-element-61733b7 elementor-widget elementor-widget-text-editor\" data-id=\"61733b7\" data-element_type=\"widget\" data-e-type=\"widget\" data-widget_type=\"text-editor.default\">\n\t\t\t\t\t\t\t\t\t<p data-start=\"0\" data-end=\"164\"><strong>Anreise per Bahn (DVB) \/ Bus<\/strong><\/p><p class=\"\" data-start=\"0\" data-end=\"164\">\u200b<span class=\"relative -mx-px my-[-0.2rem] rounded-sm px-px py-[0.2rem]\">Um zur Loschwitzer Stra\u00dfe 48 in Dresden zu gelangen, ist die Nutzung der \u00f6ffentlichen Verkehrsmittel der Dresdner Verkehrsbetriebe (DVB) empfehlenswert.<\/span> <span class=\"relative -mx-px my-[-0.2rem] rounded-sm px-px py-[0.2rem]\">Die n\u00e4chstgelegene Haltestelle ist der <strong data-start=\"39\" data-end=\"56\">Schillerplatz<\/strong>, der von mehreren Stra\u00dfenbahn- und Buslinien bedient wird.<\/span><\/p><p class=\"\" data-start=\"166\" data-end=\"204\"><strong data-start=\"166\" data-end=\"204\">Anreise vom Dresdner Hauptbahnhof:<\/strong><\/p><p class=\"\" data-start=\"209\" data-end=\"375\"><strong data-start=\"209\" data-end=\"255\">Stra\u00dfenbahnlinie 6 Richtung Niedersedlitz:<\/strong> <span class=\"relative -mx-px my-[-0.2rem] rounded-sm px-px py-[0.2rem]\">Steigen Sie am Hauptbahnhof in die Stra\u00dfenbahnlinie 6 ein und fahren Sie bis zur Haltestelle <strong data-start=\"93\" data-end=\"110\">Schillerplatz<\/strong>.<\/span><\/p><p class=\"\" data-start=\"380\" data-end=\"499\"><strong data-start=\"380\" data-end=\"417\">Fu\u00dfweg zur Loschwitzer Stra\u00dfe 48:<\/strong> <span class=\"relative -mx-px my-[-0.2rem] rounded-sm px-px py-[0.2rem]\">Von der Haltestelle Schillerplatz sind es etwa 500 Meter Fu\u00dfweg entlang der Loschwitzer Stra\u00dfe bis zur Hausnummer 48.<\/span>\u200b<\/p><p class=\"\" data-start=\"501\" data-end=\"522\"><strong data-start=\"501\" data-end=\"522\">Weitere Optionen:<\/strong><\/p><p class=\"\" data-start=\"526\" data-end=\"679\"><strong data-start=\"526\" data-end=\"555\">Buslinien 61, 63, 65, 84:<\/strong> <span class=\"relative -mx-px my-[-0.2rem] rounded-sm px-px py-[0.2rem]\">Diese Buslinien halten ebenfalls am Schillerplatz und bieten alternative Verbindungen aus verschiedenen Stadtteilen Dresdens.<\/span><\/p><p class=\"\" data-start=\"681\" data-end=\"837\">F\u00fcr aktuelle Fahrpl\u00e4ne und Verbindungen empfiehlt es sich, die <a class=\"\" href=\"https:\/\/www.dvb.de\/de-de\/fahrplan\/haltestellenauskunft\" target=\"_new\" rel=\"noopener\" data-start=\"744\" data-end=\"826\">Fahrplanauskunft der DVB<\/a> zu nutzen.<\/p>\t\t\t\t\t\t\t\t<\/div>\n\t\t\t\t<\/div>\n\t\t<div class=\"elementor-element elementor-element-7f436e6 e-con-full e-flex e-con e-child\" data-id=\"7f436e6\" data-element_type=\"container\" data-e-type=\"container\">\n\t\t\t\t<div class=\"elementor-element elementor-element-b521cd7 elementor-widget elementor-widget-text-editor\" data-id=\"b521cd7\" data-element_type=\"widget\" data-e-type=\"widget\" data-widget_type=\"text-editor.default\">\n\t\t\t\t\t\t\t\t\t<p class=\"\" data-start=\"0\" data-end=\"164\">\u200b<strong data-start=\"166\" data-end=\"204\">Anreise per Taxi<\/strong><\/p><p class=\"\" data-start=\"209\" data-end=\"375\"><strong data-start=\"209\" data-end=\"255\">Taxi Dresden eG<br \/><\/strong>+49 351 211211<br \/>www.taxi-dresden.de<\/p><p class=\"\" data-start=\"380\" data-end=\"499\"><strong data-start=\"380\" data-end=\"417\">L\u00f6wentaxi Dresden<br \/><\/strong>+49 351 312222<br \/>www.loewentaxi.de<\/p><p class=\"\" data-start=\"441\" data-end=\"510\">Es gibt mehrere Apps, mit denen du ein Taxi in Dresden buchen kannst:<\/p><p class=\"\" data-start=\"514\" data-end=\"702\"><strong data-start=\"514\" data-end=\"526\">Free Now<\/strong> (fr\u00fcher mytaxi)<br data-start=\"542\" data-end=\"545\" \/>\u2013 Buchung &amp; Bezahlung per App<br data-start=\"576\" data-end=\"579\" \/>\u2013 Verf\u00fcgbar f\u00fcr iOS und Android<br data-start=\"612\" data-end=\"615\" \/>\u2013 Zeigt dir Wartezeit &amp; Fahrpreis<br data-start=\"650\" data-end=\"653\" \/>\ud83c\udf10 <a class=\"\" href=\"https:\/\/www.free-now.com\" target=\"_new\" rel=\"noopener\" data-start=\"658\" data-end=\"702\">www.free-now.com<\/a><\/p><p class=\"\" data-start=\"706\" data-end=\"825\"><strong data-start=\"706\" data-end=\"717\">Taxi.eu<\/strong><br data-start=\"717\" data-end=\"720\" \/>\u2013 Gro\u00dfe europ\u00e4ische Plattform<br data-start=\"751\" data-end=\"754\" \/>\u2013 Auch in Dresden verf\u00fcgbar<br data-start=\"783\" data-end=\"786\" \/>\ud83c\udf10 <a class=\"\" href=\"https:\/\/www.taxi.eu\" target=\"_new\" rel=\"noopener\" data-start=\"791\" data-end=\"825\">www.taxi.eu<\/a><\/p>\t\t\t\t\t\t\t\t<\/div>\n\t\t\t\t<\/div>\n\t\t<div class=\"elementor-element elementor-element-d517f3b e-con-full e-flex e-con e-child\" data-id=\"d517f3b\" data-element_type=\"container\" data-e-type=\"container\">\n\t\t\t\t<div class=\"elementor-element elementor-element-a5368a1 elementor-widget elementor-widget-html\" data-id=\"a5368a1\" data-element_type=\"widget\" data-e-type=\"widget\" data-widget_type=\"html.default\">\n\t\t\t\t\t<div style=\"position: relative; padding-bottom: 330px; height: 0; width:235px;\"><iframe src=\"https:\/\/www.dvb.de\/de-DE\/hl?id=020333000052\" frameborder=\"0\" seamless=\"seamless\" scrolling=\"no\" allowfullscreen style=\"border:none; position: absolute; top: 0; left: 0; width: 100%; height: 100%; min-width: 160px; min-height:200px; \"><\/iframe><\/div>\t\t\t\t<\/div>\n\t\t\t\t<\/div>\n\t\t\t\t\t<\/div>\n\t\t\t\t<\/div>\n\t\t\t\t<\/div>\n\t\t","protected":false},"excerpt":{"rendered":"<p>Kontakt So erreichen Sie uns Hotel Am Blauen WunderLoschwitzer Str. 4801309 Dresden Tel.: +49 (0)351 \/ 3366-0Fax: +49 (0)351 \/ 3366-288info@habw.de Rezeption:Mo. &#8211; Fr. 8:00 &#8211; 16:00 UhrSa. 8:00 &#8211; 16:00 UhrSo. 8:00 &#8211; 16:00 Uhr Check-In \/ Check-Out:Check-In: 13:00 \u2013 16.00 UhrCheck-Out: Mo. \u2013 Fr. 08:00 \u2013 10:00 Uhr Sa. &amp; So. 08:00 \u2013 [&hellip;]<\/p>\n","protected":false},"author":1,"featured_media":0,"parent":0,"menu_order":0,"comment_status":"closed","ping_status":"closed","template":"","meta":{"footnotes":""},"class_list":["post-208","page","type-page","status-publish","hentry"],"yoast_head":"<!-- This site is optimized with the Yoast SEO plugin v27.3 - https:\/\/yoast.com\/product\/yoast-seo-wordpress\/ -->\n<title>Kontakt &amp; Anreise \u2013 Hotel Am Blauen Wunder Dresden<\/title>\n<meta name=\"description\" content=\"Nehmen Sie unkompliziert Kontakt auf und erfahren Sie mehr \u00fcber unsere Anreisem\u00f6glichkeiten per Bus, Bahn oder Taxi. Nutzen Sie unser Kontaktformular f\u00fcr Ihre Anfrage und starten Sie entspannt in Ihren Aufenthalt in Dresden.\" \/>\n<meta name=\"robots\" content=\"index, follow, max-snippet:-1, max-image-preview:large, max-video-preview:-1\" \/>\n<link rel=\"canonical\" href=\"https:\/\/www.habw.de\/cs\/kontakt\/\" \/>\n<meta property=\"og:locale\" content=\"cs_CZ\" \/>\n<meta property=\"og:type\" content=\"article\" \/>\n<meta property=\"og:title\" content=\"Kontakt &amp; Anreise \u2013 Hotel Am Blauen Wunder Dresden\" \/>\n<meta property=\"og:description\" content=\"Nehmen Sie unkompliziert Kontakt auf und erfahren Sie mehr \u00fcber unsere Anreisem\u00f6glichkeiten per Bus, Bahn oder Taxi. Nutzen Sie unser Kontaktformular f\u00fcr Ihre Anfrage und starten Sie entspannt in Ihren Aufenthalt in Dresden.\" \/>\n<meta property=\"og:url\" content=\"https:\/\/www.habw.de\/cs\/kontakt\/\" \/>\n<meta property=\"og:site_name\" content=\"Hotel Am Blauen Wunder | Dresden\" \/>\n<meta property=\"article:modified_time\" content=\"2025-07-07T13:35:02+00:00\" \/>\n<meta name=\"twitter:card\" content=\"summary_large_image\" \/>\n<meta name=\"twitter:label1\" content=\"Odhadovan\u00e1 doba \u010dten\u00ed\" \/>\n\t<meta name=\"twitter:data1\" content=\"2 minuty\" \/>\n<script type=\"application\/ld+json\" class=\"yoast-schema-graph\">{\"@context\":\"https:\\\/\\\/schema.org\",\"@graph\":[{\"@type\":\"WebPage\",\"@id\":\"https:\\\/\\\/www.habw.de\\\/kontakt\\\/\",\"url\":\"https:\\\/\\\/www.habw.de\\\/kontakt\\\/\",\"name\":\"Kontakt & Anreise \u2013 Hotel Am Blauen Wunder Dresden\",\"isPartOf\":{\"@id\":\"https:\\\/\\\/www.habw.de\\\/#website\"},\"datePublished\":\"2025-04-08T10:38:18+00:00\",\"dateModified\":\"2025-07-07T13:35:02+00:00\",\"description\":\"Nehmen Sie unkompliziert Kontakt auf und erfahren Sie mehr \u00fcber unsere Anreisem\u00f6glichkeiten per Bus, Bahn oder Taxi. Nutzen Sie unser Kontaktformular f\u00fcr Ihre Anfrage und starten Sie entspannt in Ihren Aufenthalt in Dresden.\",\"breadcrumb\":{\"@id\":\"https:\\\/\\\/www.habw.de\\\/kontakt\\\/#breadcrumb\"},\"inLanguage\":\"cs\",\"potentialAction\":[{\"@type\":\"ReadAction\",\"target\":[\"https:\\\/\\\/www.habw.de\\\/kontakt\\\/\"]}]},{\"@type\":\"BreadcrumbList\",\"@id\":\"https:\\\/\\\/www.habw.de\\\/kontakt\\\/#breadcrumb\",\"itemListElement\":[{\"@type\":\"ListItem\",\"position\":1,\"name\":\"Startseite\",\"item\":\"https:\\\/\\\/www.habw.de\\\/\"},{\"@type\":\"ListItem\",\"position\":2,\"name\":\"Kontakt\"}]},{\"@type\":\"WebSite\",\"@id\":\"https:\\\/\\\/www.habw.de\\\/#website\",\"url\":\"https:\\\/\\\/www.habw.de\\\/\",\"name\":\"Hotel Am Blauen Wunder | Dresden\",\"description\":\"\",\"potentialAction\":[{\"@type\":\"SearchAction\",\"target\":{\"@type\":\"EntryPoint\",\"urlTemplate\":\"https:\\\/\\\/www.habw.de\\\/?s={search_term_string}\"},\"query-input\":{\"@type\":\"PropertyValueSpecification\",\"valueRequired\":true,\"valueName\":\"search_term_string\"}}],\"inLanguage\":\"cs\"}]}<\/script>\n<!-- \/ Yoast SEO plugin. -->","yoast_head_json":{"title":"Kontakt a p\u0159\u00edjezd - Hotel Am Blauen Wunder Dr\u00e1\u017e\u010fany","description":"Jednodu\u0161e se s n\u00e1mi spojte a zjist\u011bte v\u00edce o na\u0161ich mo\u017enostech cestov\u00e1n\u00ed autobusem, vlakem nebo tax\u00edkem. Pou\u017eijte n\u00e1\u0161 kontaktn\u00ed formul\u00e1\u0159 a za\u010dn\u011bte sv\u016fj pobyt v Dr\u00e1\u017e\u010fanech pohodov\u011b.","robots":{"index":"index","follow":"follow","max-snippet":"max-snippet:-1","max-image-preview":"max-image-preview:large","max-video-preview":"max-video-preview:-1"},"canonical":"https:\/\/www.habw.de\/cs\/kontakt\/","og_locale":"cs_CZ","og_type":"article","og_title":"Kontakt & Anreise \u2013 Hotel Am Blauen Wunder Dresden","og_description":"Nehmen Sie unkompliziert Kontakt auf und erfahren Sie mehr \u00fcber unsere Anreisem\u00f6glichkeiten per Bus, Bahn oder Taxi. Nutzen Sie unser Kontaktformular f\u00fcr Ihre Anfrage und starten Sie entspannt in Ihren Aufenthalt in Dresden.","og_url":"https:\/\/www.habw.de\/cs\/kontakt\/","og_site_name":"Hotel Am Blauen Wunder | Dresden","article_modified_time":"2025-07-07T13:35:02+00:00","twitter_card":"summary_large_image","twitter_misc":{"Odhadovan\u00e1 doba \u010dten\u00ed":"2 minuty"},"schema":{"@context":"https:\/\/schema.org","@graph":[{"@type":"WebPage","@id":"https:\/\/www.habw.de\/kontakt\/","url":"https:\/\/www.habw.de\/kontakt\/","name":"Kontakt a p\u0159\u00edjezd - Hotel Am Blauen Wunder Dr\u00e1\u017e\u010fany","isPartOf":{"@id":"https:\/\/www.habw.de\/#website"},"datePublished":"2025-04-08T10:38:18+00:00","dateModified":"2025-07-07T13:35:02+00:00","description":"Jednodu\u0161e se s n\u00e1mi spojte a zjist\u011bte v\u00edce o na\u0161ich mo\u017enostech cestov\u00e1n\u00ed autobusem, vlakem nebo tax\u00edkem. Pou\u017eijte n\u00e1\u0161 kontaktn\u00ed formul\u00e1\u0159 a za\u010dn\u011bte sv\u016fj pobyt v Dr\u00e1\u017e\u010fanech pohodov\u011b.","breadcrumb":{"@id":"https:\/\/www.habw.de\/kontakt\/#breadcrumb"},"inLanguage":"cs","potentialAction":[{"@type":"ReadAction","target":["https:\/\/www.habw.de\/kontakt\/"]}]},{"@type":"BreadcrumbList","@id":"https:\/\/www.habw.de\/kontakt\/#breadcrumb","itemListElement":[{"@type":"ListItem","position":1,"name":"Startseite","item":"https:\/\/www.habw.de\/"},{"@type":"ListItem","position":2,"name":"Kontakt"}]},{"@type":"WebSite","@id":"https:\/\/www.habw.de\/#website","url":"https:\/\/www.habw.de\/","name":"Hotel Am Blauen Wunder | Dr\u00e1\u017e\u010fany","description":"","potentialAction":[{"@type":"SearchAction","target":{"@type":"EntryPoint","urlTemplate":"https:\/\/www.habw.de\/?s={search_term_string}"},"query-input":{"@type":"PropertyValueSpecification","valueRequired":true,"valueName":"search_term_string"}}],"inLanguage":"cs"}]}},"_links":{"self":[{"href":"https:\/\/www.habw.de\/cs\/wp-json\/wp\/v2\/pages\/208","targetHints":{"allow":["GET"]}}],"collection":[{"href":"https:\/\/www.habw.de\/cs\/wp-json\/wp\/v2\/pages"}],"about":[{"href":"https:\/\/www.habw.de\/cs\/wp-json\/wp\/v2\/types\/page"}],"author":[{"embeddable":true,"href":"https:\/\/www.habw.de\/cs\/wp-json\/wp\/v2\/users\/1"}],"replies":[{"embeddable":true,"href":"https:\/\/www.habw.de\/cs\/wp-json\/wp\/v2\/comments?post=208"}],"version-history":[{"count":96,"href":"https:\/\/www.habw.de\/cs\/wp-json\/wp\/v2\/pages\/208\/revisions"}],"predecessor-version":[{"id":1240,"href":"https:\/\/www.habw.de\/cs\/wp-json\/wp\/v2\/pages\/208\/revisions\/1240"}],"wp:attachment":[{"href":"https:\/\/www.habw.de\/cs\/wp-json\/wp\/v2\/media?parent=208"}],"curies":[{"name":"wp","href":"https:\/\/api.w.org\/{rel}","templated":true}]}}