{"id":7,"date":"2025-03-13T17:07:33","date_gmt":"2025-03-13T16:07:33","guid":{"rendered":"http:\/\/www.habw.de\/?page_id=7"},"modified":"2025-03-31T23:18:17","modified_gmt":"2025-03-31T21:18:17","slug":"elementor-7","status":"publish","type":"page","link":"https:\/\/www.habw.de\/cs\/elementor-7\/","title":{"rendered":"\u010cekaj\u00edc\u00ed str\u00e1nka"},"content":{"rendered":"<div data-elementor-type=\"wp-post\" data-elementor-id=\"7\" class=\"elementor elementor-7\" data-elementor-post-type=\"page\">\n\t\t\t\t<div class=\"elementor-element elementor-element-743bfba e-flex e-con-boxed e-con e-parent\" data-id=\"743bfba\" data-element_type=\"container\" data-e-type=\"container\">\n\t\t\t\t\t<div class=\"e-con-inner\">\n\t\t\t\t<div class=\"elementor-element elementor-element-cc3c9a4 elementor-widget elementor-widget-image\" data-id=\"cc3c9a4\" data-element_type=\"widget\" data-e-type=\"widget\" data-widget_type=\"image.default\">\n\t\t\t\t\t\t\t\t\t\t\t\t\t\t\t<img fetchpriority=\"high\" decoding=\"async\" width=\"800\" height=\"300\" src=\"https:\/\/www.habw.de\/wp-content\/uploads\/2025\/03\/hotel-am-blauen-wunder-dresden-logo.svg\" class=\"attachment-large size-large wp-image-19\" alt=\"Hotel Am Blauen Wunder Dresden - Logo\" \/>\t\t\t\t\t\t\t\t\t\t\t\t\t\t\t<\/div>\n\t\t\t\t<div class=\"elementor-element elementor-element-a6b412d elementor-widget elementor-widget-heading\" data-id=\"a6b412d\" data-element_type=\"widget\" data-e-type=\"widget\" data-widget_type=\"heading.default\">\n\t\t\t\t\t<h2 class=\"elementor-heading-title elementor-size-default\">M\u016f\u017eete n\u00e1s kontaktovat telefonicky nebo e-mailem!<\/h2>\t\t\t\t<\/div>\n\t\t\t\t<div class=\"elementor-element elementor-element-d7a4219 elementor-icon-list--layout-inline elementor-list-item-link-full_width elementor-widget elementor-widget-icon-list\" data-id=\"d7a4219\" data-element_type=\"widget\" data-e-type=\"widget\" data-widget_type=\"icon-list.default\">\n\t\t\t\t\t\t\t<ul class=\"elementor-icon-list-items elementor-inline-items\">\n\t\t\t\t\t\t\t<li class=\"elementor-icon-list-item elementor-inline-item\">\n\t\t\t\t\t\t\t\t\t\t\t<a href=\"mailto:info@habw.de\">\n\n\t\t\t\t\t\t\t\t\t\t\t\t<span class=\"elementor-icon-list-icon\">\n\t\t\t\t\t\t\t<svg aria-hidden=\"true\" class=\"e-font-icon-svg e-far-envelope\" viewbox=\"0 0 512 512\" xmlns=\"http:\/\/www.w3.org\/2000\/svg\"><path d=\"M464 64H48C21.49 64 0 85.49 0 112v288c0 26.51 21.49 48 48 48h416c26.51 0 48-21.49 48-48V112c0-26.51-21.49-48-48-48zm0 48v40.805c-22.422 18.259-58.168 46.651-134.587 106.49-16.841 13.247-50.201 45.072-73.413 44.701-23.208.375-56.579-31.459-73.413-44.701C106.18 199.465 70.425 171.067 48 152.805V112h416zM48 400V214.398c22.914 18.251 55.409 43.862 104.938 82.646 21.857 17.205 60.134 55.186 103.062 54.955 42.717.231 80.509-37.199 103.053-54.947 49.528-38.783 82.032-64.401 104.947-82.653V400H48z\"><\/path><\/svg>\t\t\t\t\t\t<\/span>\n\t\t\t\t\t\t\t\t\t\t<span class=\"elementor-icon-list-text\">info@habw.de<\/span>\n\t\t\t\t\t\t\t\t\t\t\t<\/a>\n\t\t\t\t\t\t\t\t\t<\/li>\n\t\t\t\t\t\t\t\t<li class=\"elementor-icon-list-item elementor-inline-item\">\n\t\t\t\t\t\t\t\t\t\t\t<a href=\"mailto:habw-dd@web.de\">\n\n\t\t\t\t\t\t\t\t\t\t\t\t<span class=\"elementor-icon-list-icon\">\n\t\t\t\t\t\t\t<svg aria-hidden=\"true\" class=\"e-font-icon-svg e-far-envelope\" viewbox=\"0 0 512 512\" xmlns=\"http:\/\/www.w3.org\/2000\/svg\"><path d=\"M464 64H48C21.49 64 0 85.49 0 112v288c0 26.51 21.49 48 48 48h416c26.51 0 48-21.49 48-48V112c0-26.51-21.49-48-48-48zm0 48v40.805c-22.422 18.259-58.168 46.651-134.587 106.49-16.841 13.247-50.201 45.072-73.413 44.701-23.208.375-56.579-31.459-73.413-44.701C106.18 199.465 70.425 171.067 48 152.805V112h416zM48 400V214.398c22.914 18.251 55.409 43.862 104.938 82.646 21.857 17.205 60.134 55.186 103.062 54.955 42.717.231 80.509-37.199 103.053-54.947 49.528-38.783 82.032-64.401 104.947-82.653V400H48z\"><\/path><\/svg>\t\t\t\t\t\t<\/span>\n\t\t\t\t\t\t\t\t\t\t<span class=\"elementor-icon-list-text\">habw-dd@web.de<\/span>\n\t\t\t\t\t\t\t\t\t\t\t<\/a>\n\t\t\t\t\t\t\t\t\t<\/li>\n\t\t\t\t\t\t<\/ul>\n\t\t\t\t\t\t<\/div>\n\t\t\t\t<div class=\"elementor-element elementor-element-76d52a7 elementor-widget elementor-widget-text-editor\" data-id=\"76d52a7\" data-element_type=\"widget\" data-e-type=\"widget\" data-widget_type=\"text-editor.default\">\n\t\t\t\t\t\t\t\t\t<p>Do 9. dubna n\u00e1s pros\u00edm kontaktujte na n\u00e1sleduj\u00edc\u00edm telefonn\u00edm \u010d\u00edsle:\u00a0<\/p>\t\t\t\t\t\t\t\t<\/div>\n\t\t\t\t<div class=\"elementor-element elementor-element-1192b2f elementor-icon-list--layout-inline elementor-list-item-link-full_width elementor-widget elementor-widget-icon-list\" data-id=\"1192b2f\" data-element_type=\"widget\" data-e-type=\"widget\" data-widget_type=\"icon-list.default\">\n\t\t\t\t\t\t\t<ul class=\"elementor-icon-list-items elementor-inline-items\">\n\t\t\t\t\t\t\t<li class=\"elementor-icon-list-item elementor-inline-item\">\n\t\t\t\t\t\t\t\t\t\t\t<a href=\"tel:+49015259592618%20\">\n\n\t\t\t\t\t\t\t\t\t\t\t\t<span class=\"elementor-icon-list-icon\">\n\t\t\t\t\t\t\t<svg aria-hidden=\"true\" class=\"e-font-icon-svg e-fas-phone\" viewbox=\"0 0 512 512\" xmlns=\"http:\/\/www.w3.org\/2000\/svg\"><path d=\"M493.4 24.6l-104-24c-11.3-2.6-22.9 3.3-27.5 13.9l-48 112c-4.2 9.8-1.4 21.3 6.9 28l60.6 49.6c-36 76.7-98.9 140.5-177.2 177.2l-49.6-60.6c-6.8-8.3-18.2-11.1-28-6.9l-112 48C3.9 366.5-2 378.1.6 389.4l24 104C27.1 504.2 36.7 512 48 512c256.1 0 464-207.5 464-464 0-11.2-7.7-20.9-18.6-23.4z\"><\/path><\/svg>\t\t\t\t\t\t<\/span>\n\t\t\t\t\t\t\t\t\t\t<span class=\"elementor-icon-list-text\">01525 \/ 9592618 <\/span>\n\t\t\t\t\t\t\t\t\t\t\t<\/a>\n\t\t\t\t\t\t\t\t\t<\/li>\n\t\t\t\t\t\t<\/ul>\n\t\t\t\t\t\t<\/div>\n\t\t\t\t\t<\/div>\n\t\t\t\t<\/div>\n\t\t\t\t<\/div>","protected":false},"excerpt":{"rendered":"<p>Jsme v\u00e1m k dispozici telefonicky nebo e-mailem! info@habw.de habw-dd@web.de Pro kontaktov\u00e1n\u00ed do 09.04. pou\u017eijte pros\u00edm n\u00e1sleduj\u00edc\u00ed telefonn\u00ed \u010d\u00edslo: 01525 \/ 9592618.<\/p>","protected":false},"author":1,"featured_media":0,"parent":0,"menu_order":0,"comment_status":"closed","ping_status":"closed","template":"elementor_canvas","meta":{"footnotes":""},"class_list":["post-7","page","type-page","status-publish","hentry"],"yoast_head":"<!-- This site is optimized with the Yoast SEO plugin v27.3 - https:\/\/yoast.com\/product\/yoast-seo-wordpress\/ -->\n<title>Warteseite - Hotel Am Blauen Wunder | Dresden<\/title>\n<meta name=\"robots\" content=\"index, follow, max-snippet:-1, max-image-preview:large, max-video-preview:-1\" \/>\n<link rel=\"canonical\" href=\"https:\/\/www.habw.de\/cs\/elementor-7\/\" \/>\n<meta property=\"og:locale\" content=\"cs_CZ\" \/>\n<meta property=\"og:type\" content=\"article\" \/>\n<meta property=\"og:title\" content=\"Warteseite - Hotel Am Blauen Wunder | Dresden\" \/>\n<meta property=\"og:description\" content=\"Wir sind telefonisch oder per E-Mail f\u00fcr Sie erreichbar! info@habw.de habw-dd@web.de Bitte nutzen Sie bis 09.04. die nachfolgende Telefonnummer um uns zu kontaktieren:\u00a0 01525 \/ 9592618\" \/>\n<meta property=\"og:url\" content=\"https:\/\/www.habw.de\/cs\/elementor-7\/\" \/>\n<meta property=\"og:site_name\" content=\"Hotel Am Blauen Wunder | Dresden\" \/>\n<meta property=\"article:modified_time\" content=\"2025-03-31T21:18:17+00:00\" \/>\n<meta name=\"twitter:card\" content=\"summary_large_image\" \/>\n<meta name=\"twitter:label1\" content=\"Odhadovan\u00e1 doba \u010dten\u00ed\" \/>\n\t<meta name=\"twitter:data1\" content=\"1 minuta\" \/>\n<script type=\"application\/ld+json\" class=\"yoast-schema-graph\">{\"@context\":\"https:\\\/\\\/schema.org\",\"@graph\":[{\"@type\":\"WebPage\",\"@id\":\"https:\\\/\\\/www.habw.de\\\/elementor-7\\\/\",\"url\":\"https:\\\/\\\/www.habw.de\\\/elementor-7\\\/\",\"name\":\"Warteseite - Hotel Am Blauen Wunder | Dresden\",\"isPartOf\":{\"@id\":\"https:\\\/\\\/www.habw.de\\\/#website\"},\"primaryImageOfPage\":{\"@id\":\"https:\\\/\\\/www.habw.de\\\/elementor-7\\\/#primaryimage\"},\"image\":{\"@id\":\"https:\\\/\\\/www.habw.de\\\/elementor-7\\\/#primaryimage\"},\"thumbnailUrl\":\"https:\\\/\\\/www.habw.de\\\/wp-content\\\/uploads\\\/2025\\\/03\\\/hotel-am-blauen-wunder-dresden-logo.svg\",\"datePublished\":\"2025-03-13T16:07:33+00:00\",\"dateModified\":\"2025-03-31T21:18:17+00:00\",\"breadcrumb\":{\"@id\":\"https:\\\/\\\/www.habw.de\\\/elementor-7\\\/#breadcrumb\"},\"inLanguage\":\"cs\",\"potentialAction\":[{\"@type\":\"ReadAction\",\"target\":[\"https:\\\/\\\/www.habw.de\\\/elementor-7\\\/\"]}]},{\"@type\":\"ImageObject\",\"inLanguage\":\"cs\",\"@id\":\"https:\\\/\\\/www.habw.de\\\/elementor-7\\\/#primaryimage\",\"url\":\"https:\\\/\\\/www.habw.de\\\/wp-content\\\/uploads\\\/2025\\\/03\\\/hotel-am-blauen-wunder-dresden-logo.svg\",\"contentUrl\":\"https:\\\/\\\/www.habw.de\\\/wp-content\\\/uploads\\\/2025\\\/03\\\/hotel-am-blauen-wunder-dresden-logo.svg\"},{\"@type\":\"BreadcrumbList\",\"@id\":\"https:\\\/\\\/www.habw.de\\\/elementor-7\\\/#breadcrumb\",\"itemListElement\":[{\"@type\":\"ListItem\",\"position\":1,\"name\":\"Startseite\",\"item\":\"https:\\\/\\\/www.habw.de\\\/\"},{\"@type\":\"ListItem\",\"position\":2,\"name\":\"Warteseite\"}]},{\"@type\":\"WebSite\",\"@id\":\"https:\\\/\\\/www.habw.de\\\/#website\",\"url\":\"https:\\\/\\\/www.habw.de\\\/\",\"name\":\"Hotel Am Blauen Wunder | Dresden\",\"description\":\"\",\"potentialAction\":[{\"@type\":\"SearchAction\",\"target\":{\"@type\":\"EntryPoint\",\"urlTemplate\":\"https:\\\/\\\/www.habw.de\\\/?s={search_term_string}\"},\"query-input\":{\"@type\":\"PropertyValueSpecification\",\"valueRequired\":true,\"valueName\":\"search_term_string\"}}],\"inLanguage\":\"cs\"}]}<\/script>\n<!-- \/ Yoast SEO plugin. -->","yoast_head_json":{"title":"Str\u00e1nka \u010dek\u00e1n\u00ed - Hotel Am Blauen Wunder | Dr\u00e1\u017e\u010fany","robots":{"index":"index","follow":"follow","max-snippet":"max-snippet:-1","max-image-preview":"max-image-preview:large","max-video-preview":"max-video-preview:-1"},"canonical":"https:\/\/www.habw.de\/cs\/elementor-7\/","og_locale":"cs_CZ","og_type":"article","og_title":"Warteseite - Hotel Am Blauen Wunder | Dresden","og_description":"Wir sind telefonisch oder per E-Mail f\u00fcr Sie erreichbar! info@habw.de habw-dd@web.de Bitte nutzen Sie bis 09.04. die nachfolgende Telefonnummer um uns zu kontaktieren:\u00a0 01525 \/ 9592618","og_url":"https:\/\/www.habw.de\/cs\/elementor-7\/","og_site_name":"Hotel Am Blauen Wunder | Dresden","article_modified_time":"2025-03-31T21:18:17+00:00","twitter_card":"summary_large_image","twitter_misc":{"Odhadovan\u00e1 doba \u010dten\u00ed":"1 minuta"},"schema":{"@context":"https:\/\/schema.org","@graph":[{"@type":"WebPage","@id":"https:\/\/www.habw.de\/elementor-7\/","url":"https:\/\/www.habw.de\/elementor-7\/","name":"Str\u00e1nka \u010dek\u00e1n\u00ed - Hotel Am Blauen Wunder | Dr\u00e1\u017e\u010fany","isPartOf":{"@id":"https:\/\/www.habw.de\/#website"},"primaryImageOfPage":{"@id":"https:\/\/www.habw.de\/elementor-7\/#primaryimage"},"image":{"@id":"https:\/\/www.habw.de\/elementor-7\/#primaryimage"},"thumbnailUrl":"https:\/\/www.habw.de\/wp-content\/uploads\/2025\/03\/hotel-am-blauen-wunder-dresden-logo.svg","datePublished":"2025-03-13T16:07:33+00:00","dateModified":"2025-03-31T21:18:17+00:00","breadcrumb":{"@id":"https:\/\/www.habw.de\/elementor-7\/#breadcrumb"},"inLanguage":"cs","potentialAction":[{"@type":"ReadAction","target":["https:\/\/www.habw.de\/elementor-7\/"]}]},{"@type":"ImageObject","inLanguage":"cs","@id":"https:\/\/www.habw.de\/elementor-7\/#primaryimage","url":"https:\/\/www.habw.de\/wp-content\/uploads\/2025\/03\/hotel-am-blauen-wunder-dresden-logo.svg","contentUrl":"https:\/\/www.habw.de\/wp-content\/uploads\/2025\/03\/hotel-am-blauen-wunder-dresden-logo.svg"},{"@type":"BreadcrumbList","@id":"https:\/\/www.habw.de\/elementor-7\/#breadcrumb","itemListElement":[{"@type":"ListItem","position":1,"name":"Startseite","item":"https:\/\/www.habw.de\/"},{"@type":"ListItem","position":2,"name":"Warteseite"}]},{"@type":"WebSite","@id":"https:\/\/www.habw.de\/#website","url":"https:\/\/www.habw.de\/","name":"Hotel Am Blauen Wunder | Dr\u00e1\u017e\u010fany","description":"","potentialAction":[{"@type":"SearchAction","target":{"@type":"EntryPoint","urlTemplate":"https:\/\/www.habw.de\/?s={search_term_string}"},"query-input":{"@type":"PropertyValueSpecification","valueRequired":true,"valueName":"search_term_string"}}],"inLanguage":"cs"}]}},"_links":{"self":[{"href":"https:\/\/www.habw.de\/cs\/wp-json\/wp\/v2\/pages\/7","targetHints":{"allow":["GET"]}}],"collection":[{"href":"https:\/\/www.habw.de\/cs\/wp-json\/wp\/v2\/pages"}],"about":[{"href":"https:\/\/www.habw.de\/cs\/wp-json\/wp\/v2\/types\/page"}],"author":[{"embeddable":true,"href":"https:\/\/www.habw.de\/cs\/wp-json\/wp\/v2\/users\/1"}],"replies":[{"embeddable":true,"href":"https:\/\/www.habw.de\/cs\/wp-json\/wp\/v2\/comments?post=7"}],"version-history":[{"count":32,"href":"https:\/\/www.habw.de\/cs\/wp-json\/wp\/v2\/pages\/7\/revisions"}],"predecessor-version":[{"id":50,"href":"https:\/\/www.habw.de\/cs\/wp-json\/wp\/v2\/pages\/7\/revisions\/50"}],"wp:attachment":[{"href":"https:\/\/www.habw.de\/cs\/wp-json\/wp\/v2\/media?parent=7"}],"curies":[{"name":"wp","href":"https:\/\/api.w.org\/{rel}","templated":true}]}}