{"id":751,"date":"2025-04-10T15:56:39","date_gmt":"2025-04-10T13:56:39","guid":{"rendered":"https:\/\/www.habw.de\/?page_id=751"},"modified":"2025-04-10T21:46:41","modified_gmt":"2025-04-10T19:46:41","slug":"kalendar-akci","status":"publish","type":"page","link":"https:\/\/www.habw.de\/cs\/veranstaltungskalender\/","title":{"rendered":"Kalend\u00e1\u0159 akc\u00ed"},"content":{"rendered":"<div data-elementor-type=\"wp-page\" data-elementor-id=\"751\" class=\"elementor elementor-751\" data-elementor-post-type=\"page\">\n\t\t\t\t<div class=\"elementor-element elementor-element-8adce51 e-flex e-con-boxed e-con e-parent\" data-id=\"8adce51\" data-element_type=\"container\" data-e-type=\"container\">\n\t\t\t\t\t<div class=\"e-con-inner\">\n\t\t<div class=\"elementor-element elementor-element-be914a5 e-con-full e-flex e-con e-child\" data-id=\"be914a5\" data-element_type=\"container\" data-e-type=\"container\" data-settings=\"{&quot;background_background&quot;:&quot;classic&quot;}\">\n\t\t\t\t<div class=\"elementor-element elementor-element-63502ef elementor-widget elementor-widget-heading\" data-id=\"63502ef\" data-element_type=\"widget\" data-e-type=\"widget\" data-widget_type=\"heading.default\">\n\t\t\t\t\t<h1 class=\"elementor-heading-title elementor-size-default\">Kalend\u00e1\u0159 akc\u00ed<\/h1>\t\t\t\t<\/div>\n\t\t\t\t<div class=\"elementor-element elementor-element-3be3021 elementor-widget elementor-widget-heading\" data-id=\"3be3021\" data-element_type=\"widget\" data-e-type=\"widget\" data-widget_type=\"heading.default\">\n\t\t\t\t\t<h2 class=\"elementor-heading-title elementor-size-default\">Za\u017eijte, co h\u00fdbe Dr\u00e1\u017e\u010fany<\/h2>\t\t\t\t<\/div>\n\t\t\t\t<\/div>\n\t\t<div class=\"elementor-element elementor-element-a328364 e-con-full e-flex e-con e-child\" data-id=\"a328364\" data-element_type=\"container\" data-e-type=\"container\">\n\t\t\t\t<div class=\"elementor-element elementor-element-1276617 elementor-widget elementor-widget-image\" data-id=\"1276617\" data-element_type=\"widget\" data-e-type=\"widget\" data-widget_type=\"image.default\">\n\t\t\t\t\t\t\t\t\t\t\t\t\t\t\t<img fetchpriority=\"high\" decoding=\"async\" width=\"800\" height=\"450\" src=\"https:\/\/www.habw.de\/wp-content\/uploads\/2025\/04\/hotel-am-blauen-wunder-aussenansicht-1024x576.jpg\" class=\"attachment-large size-large wp-image-100\" alt=\"Hotel Am Blauen Wunder Dresden - Pohled zven\u010d\u00ed\" srcset=\"https:\/\/www.habw.de\/wp-content\/uploads\/2025\/04\/hotel-am-blauen-wunder-aussenansicht-1024x576.jpg 1024w, https:\/\/www.habw.de\/wp-content\/uploads\/2025\/04\/hotel-am-blauen-wunder-aussenansicht-300x169.jpg 300w, https:\/\/www.habw.de\/wp-content\/uploads\/2025\/04\/hotel-am-blauen-wunder-aussenansicht-768x432.jpg 768w, https:\/\/www.habw.de\/wp-content\/uploads\/2025\/04\/hotel-am-blauen-wunder-aussenansicht-1536x864.jpg 1536w, https:\/\/www.habw.de\/wp-content\/uploads\/2025\/04\/hotel-am-blauen-wunder-aussenansicht.jpg 1920w\" sizes=\"(max-width: 800px) 100vw, 800px\" \/>\t\t\t\t\t\t\t\t\t\t\t\t\t\t\t<\/div>\n\t\t\t\t<\/div>\n\t\t\t\t\t<\/div>\n\t\t\t\t<\/div>\n\t\t<div class=\"elementor-element elementor-element-1de7d87 e-flex e-con-boxed e-con e-parent\" data-id=\"1de7d87\" data-element_type=\"container\" data-e-type=\"container\">\n\t\t\t\t\t<div class=\"e-con-inner\">\n\t\t<div class=\"elementor-element elementor-element-f0b864e e-con-full e-flex e-con e-child\" data-id=\"f0b864e\" data-element_type=\"container\" data-e-type=\"container\">\n\t\t\t\t<div class=\"elementor-element elementor-element-c6b6a0a elementor-widget elementor-widget-text-editor\" data-id=\"c6b6a0a\" data-element_type=\"widget\" data-e-type=\"widget\" data-widget_type=\"text-editor.default\">\n\t\t\t\t\t\t\t\t\t<p class=\"\" data-start=\"166\" data-end=\"573\"><strong>V\u00edtejte v kalend\u00e1\u0159i akc\u00ed hotelu Am Blauen Wunder!<\/strong><\/p><p class=\"\" data-start=\"166\" data-end=\"573\">A\u0165 u\u017e hled\u00e1te kulturn\u00ed zaj\u00edmavosti, kulin\u00e1\u0159sk\u00e9 akce nebo vzru\u0161uj\u00edc\u00ed volno\u010dasov\u00e9 aktivity - zde najdete v\u0161e na prvn\u00ed pohled. Akce jsou p\u0159eb\u00edr\u00e1ny p\u0159\u00edmo z kalend\u00e1\u0159e akc\u00ed spole\u010dnosti Dresden Marketing GmbH (DMG) a jsou v\u017edy aktu\u00e1ln\u00ed.<\/p><p class=\"\" data-start=\"575\" data-end=\"777\">Napl\u00e1nujte si sv\u016fj pobyt v kalend\u00e1\u0159i a zjist\u011bte, co se ve m\u011bst\u011b b\u011bhem va\u0161\u00ed n\u00e1v\u0161t\u011bvy d\u011bje - od koncert\u016f po t\u00fddenn\u00ed trh, od divadeln\u00edch ve\u010der\u016f po v\u00fdstavy v\u00edn.<\/p><p class=\"\" data-start=\"779\" data-end=\"908\">T\u011b\u0161\u00edme se, \u017ee v\u00e1s budeme doprov\u00e1zet nejen v hotelu, ale i p\u0159i nezapomenuteln\u00fdch chv\u00edl\u00edch v Modr\u00e9m z\u00e1zraku a jeho okol\u00ed.<\/p>\t\t\t\t\t\t\t\t<\/div>\n\t\t\t\t<\/div>\n\t\t\t\t\t<\/div>\n\t\t\t\t<\/div>\n\t\t<div class=\"elementor-element elementor-element-69bc7f1 e-flex e-con-boxed e-con e-parent\" data-id=\"69bc7f1\" data-element_type=\"container\" data-e-type=\"container\">\n\t\t\t\t\t<div class=\"e-con-inner\">\n\t\t\t\t<div class=\"elementor-element elementor-element-e3394da elementor-widget elementor-widget-html\" data-id=\"e3394da\" data-element_type=\"widget\" data-e-type=\"widget\" data-widget_type=\"html.default\">\n\t\t\t\t\t<!-- DMG Widget Code - Start -->\n<script>\nwindow.DMG_WIDGET_CONFIG = {\n    \"id\": \"dmg-widget\",\n    \"styles\": {\n        \"fontSizeDesktop\": \"16px\",\n        \"fontSizeMobile\": \"16px\",\n        \"colorPrimary\": \"#fedb00\",\n        \"colorSecondary\": \"#947200\",\n        \"fontColor\": \"#000000\",\n        \"fontColorPrimaryButton\": \"#000000\",\n        \"fontColorSecondaryButton\": \"#ffffff\",\n        \"bgColor\": \"transparent\"\n    },\n    \"filterConfiguration\": {\n        \"price\": false,\n        \"tags\": false,\n        \"fulltext\": false,\n        \"radius\": false\n    },\n    \"noCookieBanner\": true\n};\n<\/script>\n<div id=\"dmg-widget\"><\/div>\n<script src=\"https:\/\/veranstaltungen.dresden.de\/widget.js\"><\/script>\n<!-- DMG Widget Code - End -->\t\t\t\t<\/div>\n\t\t\t\t\t<\/div>\n\t\t\t\t<\/div>\n\t\t\t\t<\/div>","protected":false},"excerpt":{"rendered":"<p>Veranstaltungs&shy;kalender Erleben, was Dresden bewegt Willkommen im Veranstaltungskalender des Hotel Am Blauen Wunder! Ob Sie auf der Suche nach kulturellen Highlights, kulinarischen Events oder spannenden Freizeitaktivit\u00e4ten sind \u2013 hier finden Sie alles auf einen Blick. Die Veranstaltungen stammen direkt aus dem Veranstaltungskalender der Dresden Marketing GmbH (DMG), sind stets aktuell. Planen Sie Ihren Aufenthalt mit [&hellip;]<\/p>\n","protected":false},"author":1,"featured_media":0,"parent":0,"menu_order":0,"comment_status":"closed","ping_status":"closed","template":"","meta":{"footnotes":""},"class_list":["post-751","page","type-page","status-publish","hentry"],"yoast_head":"<!-- This site is optimized with the Yoast SEO plugin v27.3 - https:\/\/yoast.com\/product\/yoast-seo-wordpress\/ -->\n<title>Veranstaltungskalender | Hotel Am Blauen Wunder Dresden<\/title>\n<meta name=\"description\" content=\"Entdecken Sie aktuelle Events in Dresden und Umgebung mit dem Veranstaltungskalender des Hotel Am Blauen Wunder. Kultur, Genuss &amp; Freizeit \u2013 alles auf einen Blick!\" \/>\n<meta name=\"robots\" content=\"index, follow, max-snippet:-1, max-image-preview:large, max-video-preview:-1\" \/>\n<link rel=\"canonical\" href=\"https:\/\/www.habw.de\/cs\/kalendar-akci\/\" \/>\n<meta property=\"og:locale\" content=\"cs_CZ\" \/>\n<meta property=\"og:type\" content=\"article\" \/>\n<meta property=\"og:title\" content=\"Veranstaltungskalender | Hotel Am Blauen Wunder Dresden\" \/>\n<meta property=\"og:description\" content=\"Entdecken Sie aktuelle Events in Dresden und Umgebung mit dem Veranstaltungskalender des Hotel Am Blauen Wunder. Kultur, Genuss &amp; Freizeit \u2013 alles auf einen Blick!\" \/>\n<meta property=\"og:url\" content=\"https:\/\/www.habw.de\/cs\/kalendar-akci\/\" \/>\n<meta property=\"og:site_name\" content=\"Hotel Am Blauen Wunder | Dresden\" \/>\n<meta property=\"article:modified_time\" content=\"2025-04-10T19:46:41+00:00\" \/>\n<meta property=\"og:image\" content=\"https:\/\/www.habw.de\/wp-content\/uploads\/2025\/04\/hotel-am-blauen-wunder-aussenansicht.jpg\" \/>\n\t<meta property=\"og:image:width\" content=\"1920\" \/>\n\t<meta property=\"og:image:height\" content=\"1080\" \/>\n\t<meta property=\"og:image:type\" content=\"image\/jpeg\" \/>\n<meta name=\"twitter:card\" content=\"summary_large_image\" \/>\n<meta name=\"twitter:label1\" content=\"Odhadovan\u00e1 doba \u010dten\u00ed\" \/>\n\t<meta name=\"twitter:data1\" content=\"1 minuta\" \/>\n<script type=\"application\/ld+json\" class=\"yoast-schema-graph\">{\"@context\":\"https:\\\/\\\/schema.org\",\"@graph\":[{\"@type\":\"WebPage\",\"@id\":\"https:\\\/\\\/www.habw.de\\\/veranstaltungskalender\\\/\",\"url\":\"https:\\\/\\\/www.habw.de\\\/veranstaltungskalender\\\/\",\"name\":\"Veranstaltungskalender | Hotel Am Blauen Wunder Dresden\",\"isPartOf\":{\"@id\":\"https:\\\/\\\/www.habw.de\\\/#website\"},\"primaryImageOfPage\":{\"@id\":\"https:\\\/\\\/www.habw.de\\\/veranstaltungskalender\\\/#primaryimage\"},\"image\":{\"@id\":\"https:\\\/\\\/www.habw.de\\\/veranstaltungskalender\\\/#primaryimage\"},\"thumbnailUrl\":\"https:\\\/\\\/www.habw.de\\\/wp-content\\\/uploads\\\/2025\\\/04\\\/hotel-am-blauen-wunder-aussenansicht-1024x576.jpg\",\"datePublished\":\"2025-04-10T13:56:39+00:00\",\"dateModified\":\"2025-04-10T19:46:41+00:00\",\"description\":\"Entdecken Sie aktuelle Events in Dresden und Umgebung mit dem Veranstaltungskalender des Hotel Am Blauen Wunder. Kultur, Genuss & Freizeit \u2013 alles auf einen Blick!\",\"breadcrumb\":{\"@id\":\"https:\\\/\\\/www.habw.de\\\/veranstaltungskalender\\\/#breadcrumb\"},\"inLanguage\":\"cs\",\"potentialAction\":[{\"@type\":\"ReadAction\",\"target\":[\"https:\\\/\\\/www.habw.de\\\/veranstaltungskalender\\\/\"]}]},{\"@type\":\"ImageObject\",\"inLanguage\":\"cs\",\"@id\":\"https:\\\/\\\/www.habw.de\\\/veranstaltungskalender\\\/#primaryimage\",\"url\":\"https:\\\/\\\/www.habw.de\\\/wp-content\\\/uploads\\\/2025\\\/04\\\/hotel-am-blauen-wunder-aussenansicht-1024x576.jpg\",\"contentUrl\":\"https:\\\/\\\/www.habw.de\\\/wp-content\\\/uploads\\\/2025\\\/04\\\/hotel-am-blauen-wunder-aussenansicht-1024x576.jpg\"},{\"@type\":\"BreadcrumbList\",\"@id\":\"https:\\\/\\\/www.habw.de\\\/veranstaltungskalender\\\/#breadcrumb\",\"itemListElement\":[{\"@type\":\"ListItem\",\"position\":1,\"name\":\"Startseite\",\"item\":\"https:\\\/\\\/www.habw.de\\\/\"},{\"@type\":\"ListItem\",\"position\":2,\"name\":\"Veranstaltungskalender\"}]},{\"@type\":\"WebSite\",\"@id\":\"https:\\\/\\\/www.habw.de\\\/#website\",\"url\":\"https:\\\/\\\/www.habw.de\\\/\",\"name\":\"Hotel Am Blauen Wunder | Dresden\",\"description\":\"\",\"potentialAction\":[{\"@type\":\"SearchAction\",\"target\":{\"@type\":\"EntryPoint\",\"urlTemplate\":\"https:\\\/\\\/www.habw.de\\\/?s={search_term_string}\"},\"query-input\":{\"@type\":\"PropertyValueSpecification\",\"valueRequired\":true,\"valueName\":\"search_term_string\"}}],\"inLanguage\":\"cs\"}]}<\/script>\n<!-- \/ Yoast SEO plugin. -->","yoast_head_json":{"title":"Kalend\u00e1\u0159 akc\u00ed | Hotel Am Blauen Wunder Dr\u00e1\u017e\u010fany","description":"V kalend\u00e1\u0159i akc\u00ed hotelu Am Blauen Wunder najdete aktu\u00e1ln\u00ed akce v Dr\u00e1\u017e\u010fanech a okol\u00ed. Kultura, z\u00e1bava a voln\u00fd \u010das - v\u0161e na jednom m\u00edst\u011b!","robots":{"index":"index","follow":"follow","max-snippet":"max-snippet:-1","max-image-preview":"max-image-preview:large","max-video-preview":"max-video-preview:-1"},"canonical":"https:\/\/www.habw.de\/cs\/kalendar-akci\/","og_locale":"cs_CZ","og_type":"article","og_title":"Veranstaltungskalender | Hotel Am Blauen Wunder Dresden","og_description":"Entdecken Sie aktuelle Events in Dresden und Umgebung mit dem Veranstaltungskalender des Hotel Am Blauen Wunder. Kultur, Genuss & Freizeit \u2013 alles auf einen Blick!","og_url":"https:\/\/www.habw.de\/cs\/kalendar-akci\/","og_site_name":"Hotel Am Blauen Wunder | Dresden","article_modified_time":"2025-04-10T19:46:41+00:00","og_image":[{"width":1920,"height":1080,"url":"https:\/\/www.habw.de\/wp-content\/uploads\/2025\/04\/hotel-am-blauen-wunder-aussenansicht.jpg","type":"image\/jpeg"}],"twitter_card":"summary_large_image","twitter_misc":{"Odhadovan\u00e1 doba \u010dten\u00ed":"1 minuta"},"schema":{"@context":"https:\/\/schema.org","@graph":[{"@type":"WebPage","@id":"https:\/\/www.habw.de\/veranstaltungskalender\/","url":"https:\/\/www.habw.de\/veranstaltungskalender\/","name":"Kalend\u00e1\u0159 akc\u00ed | Hotel Am Blauen Wunder Dr\u00e1\u017e\u010fany","isPartOf":{"@id":"https:\/\/www.habw.de\/#website"},"primaryImageOfPage":{"@id":"https:\/\/www.habw.de\/veranstaltungskalender\/#primaryimage"},"image":{"@id":"https:\/\/www.habw.de\/veranstaltungskalender\/#primaryimage"},"thumbnailUrl":"https:\/\/www.habw.de\/wp-content\/uploads\/2025\/04\/hotel-am-blauen-wunder-aussenansicht-1024x576.jpg","datePublished":"2025-04-10T13:56:39+00:00","dateModified":"2025-04-10T19:46:41+00:00","description":"V kalend\u00e1\u0159i akc\u00ed hotelu Am Blauen Wunder najdete aktu\u00e1ln\u00ed akce v Dr\u00e1\u017e\u010fanech a okol\u00ed. Kultura, z\u00e1bava a voln\u00fd \u010das - v\u0161e na jednom m\u00edst\u011b!","breadcrumb":{"@id":"https:\/\/www.habw.de\/veranstaltungskalender\/#breadcrumb"},"inLanguage":"cs","potentialAction":[{"@type":"ReadAction","target":["https:\/\/www.habw.de\/veranstaltungskalender\/"]}]},{"@type":"ImageObject","inLanguage":"cs","@id":"https:\/\/www.habw.de\/veranstaltungskalender\/#primaryimage","url":"https:\/\/www.habw.de\/wp-content\/uploads\/2025\/04\/hotel-am-blauen-wunder-aussenansicht-1024x576.jpg","contentUrl":"https:\/\/www.habw.de\/wp-content\/uploads\/2025\/04\/hotel-am-blauen-wunder-aussenansicht-1024x576.jpg"},{"@type":"BreadcrumbList","@id":"https:\/\/www.habw.de\/veranstaltungskalender\/#breadcrumb","itemListElement":[{"@type":"ListItem","position":1,"name":"Startseite","item":"https:\/\/www.habw.de\/"},{"@type":"ListItem","position":2,"name":"Veranstaltungskalender"}]},{"@type":"WebSite","@id":"https:\/\/www.habw.de\/#website","url":"https:\/\/www.habw.de\/","name":"Hotel Am Blauen Wunder | Dr\u00e1\u017e\u010fany","description":"","potentialAction":[{"@type":"SearchAction","target":{"@type":"EntryPoint","urlTemplate":"https:\/\/www.habw.de\/?s={search_term_string}"},"query-input":{"@type":"PropertyValueSpecification","valueRequired":true,"valueName":"search_term_string"}}],"inLanguage":"cs"}]}},"_links":{"self":[{"href":"https:\/\/www.habw.de\/cs\/wp-json\/wp\/v2\/pages\/751","targetHints":{"allow":["GET"]}}],"collection":[{"href":"https:\/\/www.habw.de\/cs\/wp-json\/wp\/v2\/pages"}],"about":[{"href":"https:\/\/www.habw.de\/cs\/wp-json\/wp\/v2\/types\/page"}],"author":[{"embeddable":true,"href":"https:\/\/www.habw.de\/cs\/wp-json\/wp\/v2\/users\/1"}],"replies":[{"embeddable":true,"href":"https:\/\/www.habw.de\/cs\/wp-json\/wp\/v2\/comments?post=751"}],"version-history":[{"count":19,"href":"https:\/\/www.habw.de\/cs\/wp-json\/wp\/v2\/pages\/751\/revisions"}],"predecessor-version":[{"id":823,"href":"https:\/\/www.habw.de\/cs\/wp-json\/wp\/v2\/pages\/751\/revisions\/823"}],"wp:attachment":[{"href":"https:\/\/www.habw.de\/cs\/wp-json\/wp\/v2\/media?parent=751"}],"curies":[{"name":"wp","href":"https:\/\/api.w.org\/{rel}","templated":true}]}}